{"id":13,"date":"2026-02-18T21:52:50","date_gmt":"2026-02-18T21:52:50","guid":{"rendered":"http:\/\/ecropcircles.com\/?page_id=13"},"modified":"2026-02-23T22:11:10","modified_gmt":"2026-02-23T22:11:10","slug":"naprawa-renowacja-i-ozdabianie-mebli-prl-i-kolonianych-warszawa","status":"publish","type":"page","link":"https:\/\/ecropcircles.com\/","title":{"rendered":"Naprawa, renowacja i ozdabianie mebli PRL i kolonianych Warszawa"},"content":{"rendered":"\n<p><a href=\"https:\/\/renowacjaozdabianiemebli.pl\/porady-renowacja-mebli-i-drewna\/\">Renowacja i ozdabianie mebli Warszawa i okolice<\/a> &#8211; mo\u017cna tu zam\u00f3wi\u0107 us\u0142ug\u0119 i przeczyta\u0107 wiele przydatnych porad.<\/p>\n\n\n\n<p><strong>Firma Kashmir \u2013 Renowacja i Ozdabianie Mebli<\/strong> oferuje profesjonaln\u0105 renowacj\u0119 mebli drewnianych oraz odnawianie drzwi i okien drewnianych na terenie Milan\u00f3wka i okolic wojew\u00f3dztwa mazowieckiego. Zajmujemy si\u0119 kompleksow\u0105 renowacj\u0105 mebli drewnianych, takich jak sto\u0142y, krzes\u0142a, komody, szafy, witryny oraz meble stylowe i zabytkowe.<\/p>\n\n\n\n<p>Obszar dzia\u0142ania:<\/p>\n\n\n\n<ul class=\"wp-block-list\">\n<li> <strong>Warszawa<\/strong>, <\/li>\n\n\n\n<li><strong>Milan\u00f3wek<\/strong><\/li>\n\n\n\n<li> <strong>Grodzisk Mazowiecki<\/strong>, <\/li>\n\n\n\n<li><strong>Pruszk\u00f3w<\/strong>, <\/li>\n\n\n\n<li><strong>\u017byrard\u00f3w oraz okolice<\/strong>.<\/li>\n<\/ul>\n\n\n\n<p>Renowacja tapicerowanych krzese\u0142 i taboret\u00f3w,<\/p>\n\n\n\n<p>Cyklinowanie schod\u00f3w,<\/p>\n\n\n\n<p>Renowacja schod\u00f3w,<\/p>\n\n\n\n<p>Renowacja okien drewnianych,<\/p>\n\n\n\n<p>Odnawianie drzwi drewnianych,<\/p>\n\n\n\n<p>Odnawianie mebli kuchennych,<\/p>\n\n\n\n<p>Naprawa antyk\u00f3w,<\/p>\n\n\n\n<p>Naprawa mebli PRL,<\/p>\n\n\n\n<p>Naprawa mebli kolonialnych,<\/p>\n\n\n\n<p>Meble na zam\u00f3wienie,<\/p>\n\n\n\n<p>Naprawa mebli stylowych,<\/p>\n\n\n\n<p>Naprawa mebli przedwojennych,<\/p>\n\n\n\n<p>Nak\u0142adanie oklein.<\/p>\n\n\n\n<div class=\"wp-block-cover\"><span aria-hidden=\"true\" class=\"wp-block-cover__background has-background-dim\"><\/span><img loading=\"lazy\" decoding=\"async\" width=\"1000\" height=\"355\" class=\"wp-block-cover__image-background wp-image-18\" alt=\"\" src=\"http:\/\/ecropcircles.com\/wp-content\/uploads\/2026\/02\/Stol-drewniany-renowacja-Milnowek-kolo-Warszawy.jpg\" data-object-fit=\"cover\" srcset=\"https:\/\/ecropcircles.com\/wp-content\/uploads\/2026\/02\/Stol-drewniany-renowacja-Milnowek-kolo-Warszawy.jpg 1000w, https:\/\/ecropcircles.com\/wp-content\/uploads\/2026\/02\/Stol-drewniany-renowacja-Milnowek-kolo-Warszawy-300x107.jpg 300w, https:\/\/ecropcircles.com\/wp-content\/uploads\/2026\/02\/Stol-drewniany-renowacja-Milnowek-kolo-Warszawy-768x273.jpg 768w\" sizes=\"auto, (max-width: 1000px) 100vw, 1000px\" \/><div class=\"wp-block-cover__inner-container is-layout-flow wp-block-cover-is-layout-flow\">\n<p class=\"has-text-align-center has-large-font-size\">St\u00f3\u0142 drewniany renowacja<\/p>\n<\/div><\/div>\n\n\n\n<div class=\"wp-block-cover\"><span aria-hidden=\"true\" class=\"wp-block-cover__background has-background-dim\"><\/span><img loading=\"lazy\" decoding=\"async\" width=\"800\" height=\"256\" class=\"wp-block-cover__image-background wp-image-19\" alt=\"\" src=\"http:\/\/ecropcircles.com\/wp-content\/uploads\/2026\/02\/renowacja_stolu_Warszawa.jpg\" data-object-fit=\"cover\" srcset=\"https:\/\/ecropcircles.com\/wp-content\/uploads\/2026\/02\/renowacja_stolu_Warszawa.jpg 800w, https:\/\/ecropcircles.com\/wp-content\/uploads\/2026\/02\/renowacja_stolu_Warszawa-300x96.jpg 300w, https:\/\/ecropcircles.com\/wp-content\/uploads\/2026\/02\/renowacja_stolu_Warszawa-768x246.jpg 768w\" sizes=\"auto, (max-width: 800px) 100vw, 800px\" \/><div class=\"wp-block-cover__inner-container is-layout-flow wp-block-cover-is-layout-flow\">\n<p class=\"has-text-align-center has-large-font-size\">Renowacja sto\u0142u Warszawa<\/p>\n<\/div><\/div>\n\n\n\n<div class=\"wp-block-cover\"><span aria-hidden=\"true\" class=\"wp-block-cover__background has-background-dim\"><\/span><img loading=\"lazy\" decoding=\"async\" width=\"1024\" height=\"549\" class=\"wp-block-cover__image-background wp-image-20\" alt=\"\" src=\"http:\/\/ecropcircles.com\/wp-content\/uploads\/2026\/02\/renowacja_kredensu_Warszawa-1024x549.jpg\" data-object-fit=\"cover\" srcset=\"https:\/\/ecropcircles.com\/wp-content\/uploads\/2026\/02\/renowacja_kredensu_Warszawa-1024x549.jpg 1024w, https:\/\/ecropcircles.com\/wp-content\/uploads\/2026\/02\/renowacja_kredensu_Warszawa-300x161.jpg 300w, https:\/\/ecropcircles.com\/wp-content\/uploads\/2026\/02\/renowacja_kredensu_Warszawa-768x412.jpg 768w, https:\/\/ecropcircles.com\/wp-content\/uploads\/2026\/02\/renowacja_kredensu_Warszawa-1536x824.jpg 1536w, https:\/\/ecropcircles.com\/wp-content\/uploads\/2026\/02\/renowacja_kredensu_Warszawa.jpg 2048w\" sizes=\"auto, (max-width: 1024px) 100vw, 1024px\" \/><div class=\"wp-block-cover__inner-container is-layout-flow wp-block-cover-is-layout-flow\">\n<p class=\"has-text-align-center has-large-font-size\">Renowacja kredensu Warszawa<\/p>\n<\/div><\/div>\n","protected":false},"excerpt":{"rendered":"<p>Renowacja i ozdabianie mebli Warszawa i okolice &#8211; mo\u017cna tu zam\u00f3wi\u0107 us\u0142ug\u0119 i przeczyta\u0107 wiele przydatnych porad. Firma Kashmir \u2013 Renowacja i Ozdabianie Mebli oferuje profesjonaln\u0105 renowacj\u0119 mebli drewnianych oraz odnawianie drzwi i okien drewnianych na terenie Milan\u00f3wka i okolic wojew\u00f3dztwa mazowieckiego. Zajmujemy si\u0119 kompleksow\u0105 renowacj\u0105 mebli drewnianych, takich jak sto\u0142y, krzes\u0142a, komody, szafy, witryny [&hellip;]<\/p>\n","protected":false},"author":1,"featured_media":0,"parent":0,"menu_order":0,"comment_status":"closed","ping_status":"closed","template":"","meta":{"footnotes":""},"class_list":["post-13","page","type-page","status-publish","hentry"],"_links":{"self":[{"href":"https:\/\/ecropcircles.com\/index.php\/wp-json\/wp\/v2\/pages\/13","targetHints":{"allow":["GET"]}}],"collection":[{"href":"https:\/\/ecropcircles.com\/index.php\/wp-json\/wp\/v2\/pages"}],"about":[{"href":"https:\/\/ecropcircles.com\/index.php\/wp-json\/wp\/v2\/types\/page"}],"author":[{"embeddable":true,"href":"https:\/\/ecropcircles.com\/index.php\/wp-json\/wp\/v2\/users\/1"}],"replies":[{"embeddable":true,"href":"https:\/\/ecropcircles.com\/index.php\/wp-json\/wp\/v2\/comments?post=13"}],"version-history":[{"count":3,"href":"https:\/\/ecropcircles.com\/index.php\/wp-json\/wp\/v2\/pages\/13\/revisions"}],"predecessor-version":[{"id":21,"href":"https:\/\/ecropcircles.com\/index.php\/wp-json\/wp\/v2\/pages\/13\/revisions\/21"}],"wp:attachment":[{"href":"https:\/\/ecropcircles.com\/index.php\/wp-json\/wp\/v2\/media?parent=13"}],"curies":[{"name":"wp","href":"https:\/\/api.w.org\/{rel}","templated":true}]}}