{"id":22,"date":"2026-02-23T22:28:03","date_gmt":"2026-02-23T22:28:03","guid":{"rendered":"http:\/\/ecropcircles.com\/?page_id=22"},"modified":"2026-02-23T22:28:03","modified_gmt":"2026-02-23T22:28:03","slug":"leczenie-mikroinwazyjne-dentis-opole","status":"publish","type":"page","link":"https:\/\/ecropcircles.com\/index.php\/leczenie-mikroinwazyjne-dentis-opole\/","title":{"rendered":"Leczenie mikroinwazyjne Dentis Opole"},"content":{"rendered":"\n<p>Klinka stomatologiczna Dentis Opole specjalizuje si\u0119 w <a href=\"https:\/\/dentis.opole.pl\/stomatologia-zachowawcza-endodoncja\/\">stomatologii zachowawczej i endoncji<\/a> oraz implantologii.<\/p>\n\n\n\n<p>Endodoncja czyli leczenie kana\u0142owe stosowane jest, gdy proces chorobowy dotrze do miazgi z\u0119ba.<\/p>\n\n\n\n<p>Leczenie mikroinwazyjne to leczenie z zastosowaniem lupy i mikroskopu. Pozwala ono na zachowanie zdrowych tkanek.<\/p>\n\n\n\n<p>Klinika Dentis w Opolu stosuje lupy firmy <a href=\"https:\/\/www.heine.com\/\" data-type=\"link\" data-id=\"https:\/\/www.heine.com\/\">HEINE<\/a>.<\/p>\n\n\n\n<p>U\u017cywamy r\u00f3wnie\u017c mikroskopu <a href=\"https:\/\/dentis.opole.pl\/gabinety\/#stomatologia_mikroskopowa\">Ecleris<\/a>.<\/p>\n\n\n\n<figure class=\"wp-block-image size-full\"><img loading=\"lazy\" decoding=\"async\" width=\"428\" height=\"324\" src=\"http:\/\/ecropcircles.com\/wp-content\/uploads\/2026\/02\/image.png\" alt=\"\" class=\"wp-image-24\" srcset=\"https:\/\/ecropcircles.com\/wp-content\/uploads\/2026\/02\/image.png 428w, https:\/\/ecropcircles.com\/wp-content\/uploads\/2026\/02\/image-300x227.png 300w\" sizes=\"auto, (max-width: 428px) 100vw, 428px\" \/><figcaption class=\"wp-element-caption\">Mikroskop stomatologiczny Ecleris.<\/figcaption><\/figure>\n","protected":false},"excerpt":{"rendered":"<p>Klinka stomatologiczna Dentis Opole specjalizuje si\u0119 w stomatologii zachowawczej i endoncji oraz implantologii. Endodoncja czyli leczenie kana\u0142owe stosowane jest, gdy proces chorobowy dotrze do miazgi z\u0119ba. Leczenie mikroinwazyjne to leczenie z zastosowaniem lupy i mikroskopu. Pozwala ono na zachowanie zdrowych tkanek. Klinika Dentis w Opolu stosuje lupy firmy HEINE. U\u017cywamy r\u00f3wnie\u017c mikroskopu Ecleris.<\/p>\n","protected":false},"author":1,"featured_media":0,"parent":0,"menu_order":0,"comment_status":"closed","ping_status":"closed","template":"","meta":{"footnotes":""},"class_list":["post-22","page","type-page","status-publish","hentry"],"_links":{"self":[{"href":"https:\/\/ecropcircles.com\/index.php\/wp-json\/wp\/v2\/pages\/22","targetHints":{"allow":["GET"]}}],"collection":[{"href":"https:\/\/ecropcircles.com\/index.php\/wp-json\/wp\/v2\/pages"}],"about":[{"href":"https:\/\/ecropcircles.com\/index.php\/wp-json\/wp\/v2\/types\/page"}],"author":[{"embeddable":true,"href":"https:\/\/ecropcircles.com\/index.php\/wp-json\/wp\/v2\/users\/1"}],"replies":[{"embeddable":true,"href":"https:\/\/ecropcircles.com\/index.php\/wp-json\/wp\/v2\/comments?post=22"}],"version-history":[{"count":1,"href":"https:\/\/ecropcircles.com\/index.php\/wp-json\/wp\/v2\/pages\/22\/revisions"}],"predecessor-version":[{"id":25,"href":"https:\/\/ecropcircles.com\/index.php\/wp-json\/wp\/v2\/pages\/22\/revisions\/25"}],"wp:attachment":[{"href":"https:\/\/ecropcircles.com\/index.php\/wp-json\/wp\/v2\/media?parent=22"}],"curies":[{"name":"wp","href":"https:\/\/api.w.org\/{rel}","templated":true}]}}